{"id":1809,"date":"2022-10-10T07:43:33","date_gmt":"2022-10-10T05:43:33","guid":{"rendered":"https:\/\/gesichtsbesamer.com\/der_gesichtsbesamer\/?page_id=1809"},"modified":"2023-11-02T06:43:20","modified_gmt":"2023-11-02T05:43:20","slug":"der-gesichtsbesamer-3-3-2-2-2-3-2","status":"publish","type":"page","link":"https:\/\/gesichtsbesamer.com\/der_gesichtsbesamer\/der-gesichtsbesamer-3-3-2-2-2-3-2\/","title":{"rendered":"Kapitel 1.1.4 &#8211; Orgasmusverst\u00e4rkung durch Gesichtsbesamung (construction)"},"content":{"rendered":"\t\t<div data-elementor-type=\"wp-page\" data-elementor-id=\"1809\" class=\"elementor elementor-1809\">\n\t\t\t\t\t\t<section class=\"elementor-section elementor-top-section elementor-element elementor-element-79e9a19 elementor-section-full_width elementor-section-height-default elementor-section-height-default\" data-id=\"79e9a19\" data-element_type=\"section\" data-settings=\"{&quot;background_background&quot;:&quot;classic&quot;}\">\n\t\t\t\t\t\t<div class=\"elementor-container elementor-column-gap-default\">\n\t\t\t\t\t<div class=\"elementor-column elementor-col-100 elementor-top-column elementor-element elementor-element-123d0ab\" data-id=\"123d0ab\" data-element_type=\"column\">\n\t\t\t<div class=\"elementor-widget-wrap elementor-element-populated\">\n\t\t\t\t\t\t<div class=\"elementor-element elementor-element-f80c724 elementor-widget elementor-widget-image\" data-id=\"f80c724\" data-element_type=\"widget\" data-widget_type=\"image.default\">\n\t\t\t\t<div class=\"elementor-widget-container\">\n\t\t\t\t\t\t\t\t\t\t\t\t\t\t\t<img fetchpriority=\"high\" decoding=\"async\" width=\"2000\" height=\"200\" src=\"https:\/\/gesichtsbesamer.com\/der_gesichtsbesamer\/wp-content\/uploads\/2022\/06\/Titelbild.jpg\" class=\"attachment-full size-full wp-image-217\" alt=\"\" srcset=\"https:\/\/gesichtsbesamer.com\/der_gesichtsbesamer\/wp-content\/uploads\/2022\/06\/Titelbild.jpg 2000w, https:\/\/gesichtsbesamer.com\/der_gesichtsbesamer\/wp-content\/uploads\/2022\/06\/Titelbild-300x30.jpg 300w, https:\/\/gesichtsbesamer.com\/der_gesichtsbesamer\/wp-content\/uploads\/2022\/06\/Titelbild-1024x102.jpg 1024w, https:\/\/gesichtsbesamer.com\/der_gesichtsbesamer\/wp-content\/uploads\/2022\/06\/Titelbild-768x77.jpg 768w, https:\/\/gesichtsbesamer.com\/der_gesichtsbesamer\/wp-content\/uploads\/2022\/06\/Titelbild-1536x154.jpg 1536w\" sizes=\"(max-width: 2000px) 100vw, 2000px\" \/>\t\t\t\t\t\t\t\t\t\t\t\t\t\t\t<\/div>\n\t\t\t\t<\/div>\n\t\t\t\t\t<\/div>\n\t\t<\/div>\n\t\t\t\t\t<\/div>\n\t\t<\/section>\n\t\t\t\t<section class=\"elementor-section elementor-top-section elementor-element elementor-element-a59af52 elementor-section-full_width elementor-section-height-min-height elementor-section-height-default elementor-section-items-middle\" data-id=\"a59af52\" data-element_type=\"section\" data-settings=\"{&quot;background_background&quot;:&quot;classic&quot;}\">\n\t\t\t\t\t\t<div class=\"elementor-container elementor-column-gap-default\">\n\t\t\t\t\t<div class=\"elementor-column elementor-col-100 elementor-top-column elementor-element elementor-element-c0cfe5d\" data-id=\"c0cfe5d\" data-element_type=\"column\">\n\t\t\t<div class=\"elementor-widget-wrap elementor-element-populated\">\n\t\t\t\t\t\t<section class=\"elementor-section elementor-inner-section elementor-element elementor-element-87610e8 elementor-section-boxed elementor-section-height-default elementor-section-height-default\" data-id=\"87610e8\" data-element_type=\"section\">\n\t\t\t\t\t\t<div class=\"elementor-container elementor-column-gap-default\">\n\t\t\t\t\t<div class=\"elementor-column elementor-col-20 elementor-inner-column elementor-element elementor-element-4356e88\" data-id=\"4356e88\" data-element_type=\"column\">\n\t\t\t<div class=\"elementor-widget-wrap elementor-element-populated\">\n\t\t\t\t\t\t<div class=\"elementor-element elementor-element-99349c6 elementor-widget elementor-widget-image\" data-id=\"99349c6\" data-element_type=\"widget\" data-widget_type=\"image.default\">\n\t\t\t\t<div class=\"elementor-widget-container\">\n\t\t\t\t\t\t\t\t\t\t\t\t\t\t\t<img decoding=\"async\" width=\"595\" height=\"842\" src=\"https:\/\/gesichtsbesamer.com\/der_gesichtsbesamer\/wp-content\/uploads\/2022\/10\/titel_1_1_4.jpg\" class=\"attachment-full size-full wp-image-1811\" alt=\"\" srcset=\"https:\/\/gesichtsbesamer.com\/der_gesichtsbesamer\/wp-content\/uploads\/2022\/10\/titel_1_1_4.jpg 595w, https:\/\/gesichtsbesamer.com\/der_gesichtsbesamer\/wp-content\/uploads\/2022\/10\/titel_1_1_4-212x300.jpg 212w\" sizes=\"(max-width: 595px) 100vw, 595px\" \/>\t\t\t\t\t\t\t\t\t\t\t\t\t\t\t<\/div>\n\t\t\t\t<\/div>\n\t\t\t\t\t<\/div>\n\t\t<\/div>\n\t\t\t\t<div class=\"elementor-column elementor-col-20 elementor-inner-column elementor-element elementor-element-dfee928\" data-id=\"dfee928\" data-element_type=\"column\">\n\t\t\t<div class=\"elementor-widget-wrap\">\n\t\t\t\t\t\t\t<\/div>\n\t\t<\/div>\n\t\t\t\t<div class=\"elementor-column elementor-col-20 elementor-inner-column elementor-element elementor-element-9e1e486\" data-id=\"9e1e486\" data-element_type=\"column\">\n\t\t\t<div class=\"elementor-widget-wrap\">\n\t\t\t\t\t\t\t<\/div>\n\t\t<\/div>\n\t\t\t\t<div class=\"elementor-column elementor-col-20 elementor-inner-column elementor-element elementor-element-bfa18ce\" data-id=\"bfa18ce\" data-element_type=\"column\">\n\t\t\t<div class=\"elementor-widget-wrap elementor-element-populated\">\n\t\t\t\t\t\t<div class=\"elementor-element elementor-element-18cd165 elementor-widget elementor-widget-spacer\" data-id=\"18cd165\" data-element_type=\"widget\" data-widget_type=\"spacer.default\">\n\t\t\t\t<div class=\"elementor-widget-container\">\n\t\t\t\t\t\t\t<div class=\"elementor-spacer\">\n\t\t\t<div class=\"elementor-spacer-inner\"><\/div>\n\t\t<\/div>\n\t\t\t\t\t\t<\/div>\n\t\t\t\t<\/div>\n\t\t\t\t<div class=\"elementor-element elementor-element-f3c7728 elementor-widget elementor-widget-image\" data-id=\"f3c7728\" data-element_type=\"widget\" data-widget_type=\"image.default\">\n\t\t\t\t<div class=\"elementor-widget-container\">\n\t\t\t\t\t\t\t\t\t\t\t\t\t\t\t<img decoding=\"async\" width=\"595\" height=\"842\" src=\"https:\/\/gesichtsbesamer.com\/der_gesichtsbesamer\/wp-content\/uploads\/2022\/06\/titel_1_1_5.jpg\" class=\"attachment-large size-large wp-image-571\" alt=\"\" srcset=\"https:\/\/gesichtsbesamer.com\/der_gesichtsbesamer\/wp-content\/uploads\/2022\/06\/titel_1_1_5.jpg 595w, https:\/\/gesichtsbesamer.com\/der_gesichtsbesamer\/wp-content\/uploads\/2022\/06\/titel_1_1_5-212x300.jpg 212w\" sizes=\"(max-width: 595px) 100vw, 595px\" \/>\t\t\t\t\t\t\t\t\t\t\t\t\t\t\t<\/div>\n\t\t\t\t<\/div>\n\t\t\t\t<div class=\"elementor-element elementor-element-c17c729 elementor-align-center elementor-widget elementor-widget-button\" data-id=\"c17c729\" data-element_type=\"widget\" data-widget_type=\"button.default\">\n\t\t\t\t<div class=\"elementor-widget-container\">\n\t\t\t\t\t\t\t\t\t<div class=\"elementor-button-wrapper\">\n\t\t\t\t\t<a class=\"elementor-button elementor-button-link elementor-size-sm\" href=\"https:\/\/gesichtsbesamer.com\/der_gesichtsbesamer\/der-gesichtsbesamer-3-3-2\/\">\n\t\t\t\t\t\t<span class=\"elementor-button-content-wrapper\">\n\t\t\t\t\t\t\t\t\t<span class=\"elementor-button-text\">zur\u00fcck zu Kapitel 1.1<\/span>\n\t\t\t\t\t<\/span>\n\t\t\t\t\t<\/a>\n\t\t\t\t<\/div>\n\t\t\t\t\t\t\t\t<\/div>\n\t\t\t\t<\/div>\n\t\t\t\t\t<\/div>\n\t\t<\/div>\n\t\t\t\t<div class=\"elementor-column elementor-col-20 elementor-inner-column elementor-element elementor-element-63b4714\" data-id=\"63b4714\" data-element_type=\"column\">\n\t\t\t<div class=\"elementor-widget-wrap elementor-element-populated\">\n\t\t\t\t\t\t<div class=\"elementor-element elementor-element-569a9d6 elementor-widget elementor-widget-spacer\" data-id=\"569a9d6\" data-element_type=\"widget\" data-widget_type=\"spacer.default\">\n\t\t\t\t<div class=\"elementor-widget-container\">\n\t\t\t\t\t\t\t<div class=\"elementor-spacer\">\n\t\t\t<div class=\"elementor-spacer-inner\"><\/div>\n\t\t<\/div>\n\t\t\t\t\t\t<\/div>\n\t\t\t\t<\/div>\n\t\t\t\t\t<\/div>\n\t\t<\/div>\n\t\t\t\t\t<\/div>\n\t\t<\/section>\n\t\t\t\t<div class=\"elementor-element elementor-element-6c8281d elementor-widget elementor-widget-spacer\" data-id=\"6c8281d\" data-element_type=\"widget\" data-widget_type=\"spacer.default\">\n\t\t\t\t<div class=\"elementor-widget-container\">\n\t\t\t\t\t\t\t<div class=\"elementor-spacer\">\n\t\t\t<div class=\"elementor-spacer-inner\"><\/div>\n\t\t<\/div>\n\t\t\t\t\t\t<\/div>\n\t\t\t\t<\/div>\n\t\t\t\t\t<\/div>\n\t\t<\/div>\n\t\t\t\t\t<\/div>\n\t\t<\/section>\n\t\t\t\t<section class=\"elementor-section elementor-top-section elementor-element elementor-element-a0e507a elementor-section-height-min-height elementor-section-boxed elementor-section-height-default elementor-section-items-middle\" data-id=\"a0e507a\" data-element_type=\"section\" data-settings=\"{&quot;background_background&quot;:&quot;gradient&quot;}\">\n\t\t\t\t\t\t\t<div class=\"elementor-background-overlay\"><\/div>\n\t\t\t\t\t\t\t<div class=\"elementor-container elementor-column-gap-default\">\n\t\t\t\t\t<div class=\"elementor-column elementor-col-100 elementor-top-column elementor-element elementor-element-2078fa4\" data-id=\"2078fa4\" data-element_type=\"column\">\n\t\t\t<div class=\"elementor-widget-wrap elementor-element-populated\">\n\t\t\t\t\t\t<section class=\"elementor-section elementor-inner-section elementor-element elementor-element-69ada7c elementor-section-boxed elementor-section-height-default elementor-section-height-default\" data-id=\"69ada7c\" data-element_type=\"section\">\n\t\t\t\t\t\t<div class=\"elementor-container elementor-column-gap-default\">\n\t\t\t\t\t<div class=\"elementor-column elementor-col-100 elementor-inner-column elementor-element elementor-element-0ff5f17\" data-id=\"0ff5f17\" data-element_type=\"column\">\n\t\t\t<div class=\"elementor-widget-wrap elementor-element-populated\">\n\t\t\t\t\t\t<div class=\"elementor-element elementor-element-2828f97 elementor-widget elementor-widget-heading\" data-id=\"2828f97\" data-element_type=\"widget\" data-widget_type=\"heading.default\">\n\t\t\t\t<div class=\"elementor-widget-container\">\n\t\t\t\t\t<h2 class=\"elementor-heading-title elementor-size-default\">Kapitel 1.1.4 - Orgasmusverst\u00e4rkung durch Gesichtsbesamung<\/h2>\t\t\t\t<\/div>\n\t\t\t\t<\/div>\n\t\t\t\t\t<\/div>\n\t\t<\/div>\n\t\t\t\t\t<\/div>\n\t\t<\/section>\n\t\t\t\t\t<\/div>\n\t\t<\/div>\n\t\t\t\t\t<\/div>\n\t\t<\/section>\n\t\t\t\t<section class=\"elementor-section elementor-top-section elementor-element elementor-element-cdfa5e4 elementor-section-boxed elementor-section-height-default elementor-section-height-default\" data-id=\"cdfa5e4\" data-element_type=\"section\">\n\t\t\t\t\t\t<div class=\"elementor-container elementor-column-gap-default\">\n\t\t\t\t\t<div class=\"elementor-column elementor-col-100 elementor-top-column elementor-element elementor-element-0bc96e9\" data-id=\"0bc96e9\" data-element_type=\"column\">\n\t\t\t<div class=\"elementor-widget-wrap elementor-element-populated\">\n\t\t\t\t\t\t<div class=\"elementor-element elementor-element-849fd67 elementor-widget elementor-widget-image\" data-id=\"849fd67\" data-element_type=\"widget\" data-widget_type=\"image.default\">\n\t\t\t\t<div class=\"elementor-widget-container\">\n\t\t\t\t\t\t\t\t\t\t\t\t\t\t\t<img loading=\"lazy\" decoding=\"async\" width=\"768\" height=\"403\" src=\"https:\/\/gesichtsbesamer.com\/der_gesichtsbesamer\/wp-content\/uploads\/2022\/10\/unc-768x403.jpg\" class=\"attachment-medium_large size-medium_large wp-image-1818\" alt=\"\" srcset=\"https:\/\/gesichtsbesamer.com\/der_gesichtsbesamer\/wp-content\/uploads\/2022\/10\/unc-768x403.jpg 768w, https:\/\/gesichtsbesamer.com\/der_gesichtsbesamer\/wp-content\/uploads\/2022\/10\/unc-300x158.jpg 300w, https:\/\/gesichtsbesamer.com\/der_gesichtsbesamer\/wp-content\/uploads\/2022\/10\/unc-1024x538.jpg 1024w, https:\/\/gesichtsbesamer.com\/der_gesichtsbesamer\/wp-content\/uploads\/2022\/10\/unc-1536x806.jpg 1536w, https:\/\/gesichtsbesamer.com\/der_gesichtsbesamer\/wp-content\/uploads\/2022\/10\/unc.jpg 2000w\" sizes=\"(max-width: 768px) 100vw, 768px\" \/>\t\t\t\t\t\t\t\t\t\t\t\t\t\t\t<\/div>\n\t\t\t\t<\/div>\n\t\t\t\t\t<\/div>\n\t\t<\/div>\n\t\t\t\t\t<\/div>\n\t\t<\/section>\n\t\t\t\t<\/div>\n\t\t","protected":false},"excerpt":{"rendered":"<p>zur\u00fcck zu Kapitel 1.1 Kapitel 1.1.4 &#8211; Orgasmusverst\u00e4rkung durch Gesichtsbesamung<\/p>\n","protected":false},"author":1,"featured_media":0,"parent":0,"menu_order":0,"comment_status":"open","ping_status":"closed","template":"","meta":{"ocean_post_layout":"full-screen","ocean_both_sidebars_style":"","ocean_both_sidebars_content_width":0,"ocean_both_sidebars_sidebars_width":0,"ocean_sidebar":"0","ocean_second_sidebar":"0","ocean_disable_margins":"enable","ocean_add_body_class":"","ocean_shortcode_before_top_bar":"","ocean_shortcode_after_top_bar":"","ocean_shortcode_before_header":"","ocean_shortcode_after_header":"","ocean_has_shortcode":"","ocean_shortcode_after_title":"","ocean_shortcode_before_footer_widgets":"[anc_6310_number_counter id=\"1\"]","ocean_shortcode_after_footer_widgets":"","ocean_shortcode_before_footer_bottom":"","ocean_shortcode_after_footer_bottom":"[anc_6310_number_counter id=\"1\"]","ocean_display_top_bar":"default","ocean_display_header":"on","ocean_header_style":"","ocean_center_header_left_menu":"0","ocean_custom_header_template":"0","ocean_custom_logo":0,"ocean_custom_retina_logo":0,"ocean_custom_logo_max_width":0,"ocean_custom_logo_tablet_max_width":0,"ocean_custom_logo_mobile_max_width":0,"ocean_custom_logo_max_height":0,"ocean_custom_logo_tablet_max_height":0,"ocean_custom_logo_mobile_max_height":0,"ocean_header_custom_menu":"5","ocean_menu_typo_font_family":"Georgia, serif","ocean_menu_typo_font_subset":"","ocean_menu_typo_font_size":0,"ocean_menu_typo_font_size_tablet":0,"ocean_menu_typo_font_size_mobile":0,"ocean_menu_typo_font_size_unit":"px","ocean_menu_typo_font_weight":"","ocean_menu_typo_font_weight_tablet":"","ocean_menu_typo_font_weight_mobile":"","ocean_menu_typo_transform":"","ocean_menu_typo_transform_tablet":"","ocean_menu_typo_transform_mobile":"","ocean_menu_typo_line_height":0,"ocean_menu_typo_line_height_tablet":0,"ocean_menu_typo_line_height_mobile":0,"ocean_menu_typo_line_height_unit":"","ocean_menu_typo_spacing":0,"ocean_menu_typo_spacing_tablet":0,"ocean_menu_typo_spacing_mobile":0,"ocean_menu_typo_spacing_unit":"","ocean_menu_link_color":"","ocean_menu_link_color_hover":"","ocean_menu_link_color_active":"","ocean_menu_link_background":"","ocean_menu_link_hover_background":"","ocean_menu_link_active_background":"","ocean_menu_social_links_bg":"","ocean_menu_social_hover_links_bg":"","ocean_menu_social_links_color":"","ocean_menu_social_hover_links_color":"","ocean_disable_title":"on","ocean_disable_heading":"on","ocean_post_title":"","ocean_post_subheading":"","ocean_post_title_style":"","ocean_post_title_background_color":"","ocean_post_title_background":0,"ocean_post_title_bg_image_position":"","ocean_post_title_bg_image_attachment":"","ocean_post_title_bg_image_repeat":"","ocean_post_title_bg_image_size":"","ocean_post_title_height":0,"ocean_post_title_bg_overlay":0.5,"ocean_post_title_bg_overlay_color":"","ocean_disable_breadcrumbs":"default","ocean_breadcrumbs_color":"","ocean_breadcrumbs_separator_color":"","ocean_breadcrumbs_links_color":"","ocean_breadcrumbs_links_hover_color":"","ocean_display_footer_widgets":"off","ocean_display_footer_bottom":"off","ocean_custom_footer_template":"0","two_page_speed":[],"footnotes":""},"class_list":["post-1809","page","type-page","status-publish","hentry","entry"],"yoast_head":"<!-- This site is optimized with the Yoast SEO plugin v27.1.1 - https:\/\/yoast.com\/product\/yoast-seo-wordpress\/ -->\n<title>Kapitel 1.1.4 - Orgasmusverst\u00e4rkung durch Gesichtsbesamung (construction) |<\/title>\n<meta name=\"robots\" content=\"index, follow, max-snippet:-1, max-image-preview:large, max-video-preview:-1\" \/>\n<link rel=\"canonical\" href=\"https:\/\/gesichtsbesamer.com\/der_gesichtsbesamer\/der-gesichtsbesamer-3-3-2-2-2-3-2\/\" \/>\n<meta property=\"og:locale\" content=\"de_DE\" \/>\n<meta property=\"og:type\" content=\"article\" \/>\n<meta property=\"og:title\" content=\"Kapitel 1.1.4 - Orgasmusverst\u00e4rkung durch Gesichtsbesamung (construction) |\" \/>\n<meta property=\"og:description\" content=\"zur\u00fcck zu Kapitel 1.1 Kapitel 1.1.4 &#8211; Orgasmusverst\u00e4rkung durch Gesichtsbesamung\" \/>\n<meta property=\"og:url\" content=\"https:\/\/gesichtsbesamer.com\/der_gesichtsbesamer\/der-gesichtsbesamer-3-3-2-2-2-3-2\/\" \/>\n<meta property=\"article:modified_time\" content=\"2023-11-02T05:43:20+00:00\" \/>\n<meta property=\"og:image\" content=\"https:\/\/gesichtsbesamer.com\/der_gesichtsbesamer\/wp-content\/uploads\/2022\/06\/Titelbild.jpg\" \/>\n<meta name=\"twitter:card\" content=\"summary_large_image\" \/>\n<meta name=\"twitter:site\" content=\"@com\" \/>\n<script type=\"application\/ld+json\" class=\"yoast-schema-graph\">{\"@context\":\"https:\/\/schema.org\",\"@graph\":[{\"@type\":\"WebPage\",\"@id\":\"https:\/\/gesichtsbesamer.com\/der_gesichtsbesamer\/der-gesichtsbesamer-3-3-2-2-2-3-2\/\",\"url\":\"https:\/\/gesichtsbesamer.com\/der_gesichtsbesamer\/der-gesichtsbesamer-3-3-2-2-2-3-2\/\",\"name\":\"Kapitel 1.1.4 - Orgasmusverst\u00e4rkung durch Gesichtsbesamung (construction) |\",\"isPartOf\":{\"@id\":\"https:\/\/gesichtsbesamer.com\/der_gesichtsbesamer\/#website\"},\"primaryImageOfPage\":{\"@id\":\"https:\/\/gesichtsbesamer.com\/der_gesichtsbesamer\/der-gesichtsbesamer-3-3-2-2-2-3-2\/#primaryimage\"},\"image\":{\"@id\":\"https:\/\/gesichtsbesamer.com\/der_gesichtsbesamer\/der-gesichtsbesamer-3-3-2-2-2-3-2\/#primaryimage\"},\"thumbnailUrl\":\"https:\/\/gesichtsbesamer.com\/der_gesichtsbesamer\/wp-content\/uploads\/2022\/06\/Titelbild.jpg\",\"datePublished\":\"2022-10-10T05:43:33+00:00\",\"dateModified\":\"2023-11-02T05:43:20+00:00\",\"breadcrumb\":{\"@id\":\"https:\/\/gesichtsbesamer.com\/der_gesichtsbesamer\/der-gesichtsbesamer-3-3-2-2-2-3-2\/#breadcrumb\"},\"inLanguage\":\"de\",\"potentialAction\":[{\"@type\":\"ReadAction\",\"target\":[\"https:\/\/gesichtsbesamer.com\/der_gesichtsbesamer\/der-gesichtsbesamer-3-3-2-2-2-3-2\/\"]}]},{\"@type\":\"ImageObject\",\"inLanguage\":\"de\",\"@id\":\"https:\/\/gesichtsbesamer.com\/der_gesichtsbesamer\/der-gesichtsbesamer-3-3-2-2-2-3-2\/#primaryimage\",\"url\":\"https:\/\/gesichtsbesamer.com\/der_gesichtsbesamer\/wp-content\/uploads\/2022\/06\/Titelbild.jpg\",\"contentUrl\":\"https:\/\/gesichtsbesamer.com\/der_gesichtsbesamer\/wp-content\/uploads\/2022\/06\/Titelbild.jpg\",\"width\":2000,\"height\":200},{\"@type\":\"BreadcrumbList\",\"@id\":\"https:\/\/gesichtsbesamer.com\/der_gesichtsbesamer\/der-gesichtsbesamer-3-3-2-2-2-3-2\/#breadcrumb\",\"itemListElement\":[{\"@type\":\"ListItem\",\"position\":1,\"name\":\"Startseite\",\"item\":\"https:\/\/gesichtsbesamer.com\/der_gesichtsbesamer\/\"},{\"@type\":\"ListItem\",\"position\":2,\"name\":\"Kapitel 1.1.4 &#8211; Orgasmusverst\u00e4rkung durch Gesichtsbesamung (construction)\"}]},{\"@type\":\"WebSite\",\"@id\":\"https:\/\/gesichtsbesamer.com\/der_gesichtsbesamer\/#website\",\"url\":\"https:\/\/gesichtsbesamer.com\/der_gesichtsbesamer\/\",\"name\":\"Der Gesichtsbesamer\",\"description\":\"Die gro\u00dfe Informationsseite zur Gesichtsbesamung\",\"publisher\":{\"@id\":\"https:\/\/gesichtsbesamer.com\/der_gesichtsbesamer\/#\/schema\/person\/da59bf6350f3f9f82f88310ea0b399f6\"},\"potentialAction\":[{\"@type\":\"SearchAction\",\"target\":{\"@type\":\"EntryPoint\",\"urlTemplate\":\"https:\/\/gesichtsbesamer.com\/der_gesichtsbesamer\/?s={search_term_string}\"},\"query-input\":{\"@type\":\"PropertyValueSpecification\",\"valueRequired\":true,\"valueName\":\"search_term_string\"}}],\"inLanguage\":\"de\"},{\"@type\":[\"Person\",\"Organization\"],\"@id\":\"https:\/\/gesichtsbesamer.com\/der_gesichtsbesamer\/#\/schema\/person\/da59bf6350f3f9f82f88310ea0b399f6\",\"name\":\"Facialfreak\",\"image\":{\"@type\":\"ImageObject\",\"inLanguage\":\"de\",\"@id\":\"https:\/\/gesichtsbesamer.com\/der_gesichtsbesamer\/#\/schema\/person\/image\/\",\"url\":\"https:\/\/gesichtsbesamer.com\/der_gesichtsbesamer\/wp-content\/uploads\/2022\/06\/titel_6.jpg\",\"contentUrl\":\"https:\/\/gesichtsbesamer.com\/der_gesichtsbesamer\/wp-content\/uploads\/2022\/06\/titel_6.jpg\",\"width\":595,\"height\":842,\"caption\":\"Facialfreak\"},\"logo\":{\"@id\":\"https:\/\/gesichtsbesamer.com\/der_gesichtsbesamer\/#\/schema\/person\/image\/\"},\"sameAs\":[\"https:\/\/gesichtsbesamer.com\/der_gesichtsbesamer\",\"https:\/\/x.com\/www.gesichtsbesamer.com\"]}]}<\/script>\n<!-- \/ Yoast SEO plugin. -->","yoast_head_json":{"title":"Kapitel 1.1.4 - Orgasmusverst\u00e4rkung durch Gesichtsbesamung (construction) |","robots":{"index":"index","follow":"follow","max-snippet":"max-snippet:-1","max-image-preview":"max-image-preview:large","max-video-preview":"max-video-preview:-1"},"canonical":"https:\/\/gesichtsbesamer.com\/der_gesichtsbesamer\/der-gesichtsbesamer-3-3-2-2-2-3-2\/","og_locale":"de_DE","og_type":"article","og_title":"Kapitel 1.1.4 - Orgasmusverst\u00e4rkung durch Gesichtsbesamung (construction) |","og_description":"zur\u00fcck zu Kapitel 1.1 Kapitel 1.1.4 &#8211; Orgasmusverst\u00e4rkung durch Gesichtsbesamung","og_url":"https:\/\/gesichtsbesamer.com\/der_gesichtsbesamer\/der-gesichtsbesamer-3-3-2-2-2-3-2\/","article_modified_time":"2023-11-02T05:43:20+00:00","og_image":[{"url":"https:\/\/gesichtsbesamer.com\/der_gesichtsbesamer\/wp-content\/uploads\/2022\/06\/Titelbild.jpg","type":"","width":"","height":""}],"twitter_card":"summary_large_image","twitter_site":"@com","schema":{"@context":"https:\/\/schema.org","@graph":[{"@type":"WebPage","@id":"https:\/\/gesichtsbesamer.com\/der_gesichtsbesamer\/der-gesichtsbesamer-3-3-2-2-2-3-2\/","url":"https:\/\/gesichtsbesamer.com\/der_gesichtsbesamer\/der-gesichtsbesamer-3-3-2-2-2-3-2\/","name":"Kapitel 1.1.4 - Orgasmusverst\u00e4rkung durch Gesichtsbesamung (construction) |","isPartOf":{"@id":"https:\/\/gesichtsbesamer.com\/der_gesichtsbesamer\/#website"},"primaryImageOfPage":{"@id":"https:\/\/gesichtsbesamer.com\/der_gesichtsbesamer\/der-gesichtsbesamer-3-3-2-2-2-3-2\/#primaryimage"},"image":{"@id":"https:\/\/gesichtsbesamer.com\/der_gesichtsbesamer\/der-gesichtsbesamer-3-3-2-2-2-3-2\/#primaryimage"},"thumbnailUrl":"https:\/\/gesichtsbesamer.com\/der_gesichtsbesamer\/wp-content\/uploads\/2022\/06\/Titelbild.jpg","datePublished":"2022-10-10T05:43:33+00:00","dateModified":"2023-11-02T05:43:20+00:00","breadcrumb":{"@id":"https:\/\/gesichtsbesamer.com\/der_gesichtsbesamer\/der-gesichtsbesamer-3-3-2-2-2-3-2\/#breadcrumb"},"inLanguage":"de","potentialAction":[{"@type":"ReadAction","target":["https:\/\/gesichtsbesamer.com\/der_gesichtsbesamer\/der-gesichtsbesamer-3-3-2-2-2-3-2\/"]}]},{"@type":"ImageObject","inLanguage":"de","@id":"https:\/\/gesichtsbesamer.com\/der_gesichtsbesamer\/der-gesichtsbesamer-3-3-2-2-2-3-2\/#primaryimage","url":"https:\/\/gesichtsbesamer.com\/der_gesichtsbesamer\/wp-content\/uploads\/2022\/06\/Titelbild.jpg","contentUrl":"https:\/\/gesichtsbesamer.com\/der_gesichtsbesamer\/wp-content\/uploads\/2022\/06\/Titelbild.jpg","width":2000,"height":200},{"@type":"BreadcrumbList","@id":"https:\/\/gesichtsbesamer.com\/der_gesichtsbesamer\/der-gesichtsbesamer-3-3-2-2-2-3-2\/#breadcrumb","itemListElement":[{"@type":"ListItem","position":1,"name":"Startseite","item":"https:\/\/gesichtsbesamer.com\/der_gesichtsbesamer\/"},{"@type":"ListItem","position":2,"name":"Kapitel 1.1.4 &#8211; Orgasmusverst\u00e4rkung durch Gesichtsbesamung (construction)"}]},{"@type":"WebSite","@id":"https:\/\/gesichtsbesamer.com\/der_gesichtsbesamer\/#website","url":"https:\/\/gesichtsbesamer.com\/der_gesichtsbesamer\/","name":"Der Gesichtsbesamer","description":"Die gro\u00dfe Informationsseite zur Gesichtsbesamung","publisher":{"@id":"https:\/\/gesichtsbesamer.com\/der_gesichtsbesamer\/#\/schema\/person\/da59bf6350f3f9f82f88310ea0b399f6"},"potentialAction":[{"@type":"SearchAction","target":{"@type":"EntryPoint","urlTemplate":"https:\/\/gesichtsbesamer.com\/der_gesichtsbesamer\/?s={search_term_string}"},"query-input":{"@type":"PropertyValueSpecification","valueRequired":true,"valueName":"search_term_string"}}],"inLanguage":"de"},{"@type":["Person","Organization"],"@id":"https:\/\/gesichtsbesamer.com\/der_gesichtsbesamer\/#\/schema\/person\/da59bf6350f3f9f82f88310ea0b399f6","name":"Facialfreak","image":{"@type":"ImageObject","inLanguage":"de","@id":"https:\/\/gesichtsbesamer.com\/der_gesichtsbesamer\/#\/schema\/person\/image\/","url":"https:\/\/gesichtsbesamer.com\/der_gesichtsbesamer\/wp-content\/uploads\/2022\/06\/titel_6.jpg","contentUrl":"https:\/\/gesichtsbesamer.com\/der_gesichtsbesamer\/wp-content\/uploads\/2022\/06\/titel_6.jpg","width":595,"height":842,"caption":"Facialfreak"},"logo":{"@id":"https:\/\/gesichtsbesamer.com\/der_gesichtsbesamer\/#\/schema\/person\/image\/"},"sameAs":["https:\/\/gesichtsbesamer.com\/der_gesichtsbesamer","https:\/\/x.com\/www.gesichtsbesamer.com"]}]}},"_links":{"self":[{"href":"https:\/\/gesichtsbesamer.com\/der_gesichtsbesamer\/wp-json\/wp\/v2\/pages\/1809","targetHints":{"allow":["GET"]}}],"collection":[{"href":"https:\/\/gesichtsbesamer.com\/der_gesichtsbesamer\/wp-json\/wp\/v2\/pages"}],"about":[{"href":"https:\/\/gesichtsbesamer.com\/der_gesichtsbesamer\/wp-json\/wp\/v2\/types\/page"}],"author":[{"embeddable":true,"href":"https:\/\/gesichtsbesamer.com\/der_gesichtsbesamer\/wp-json\/wp\/v2\/users\/1"}],"replies":[{"embeddable":true,"href":"https:\/\/gesichtsbesamer.com\/der_gesichtsbesamer\/wp-json\/wp\/v2\/comments?post=1809"}],"version-history":[{"count":8,"href":"https:\/\/gesichtsbesamer.com\/der_gesichtsbesamer\/wp-json\/wp\/v2\/pages\/1809\/revisions"}],"predecessor-version":[{"id":6498,"href":"https:\/\/gesichtsbesamer.com\/der_gesichtsbesamer\/wp-json\/wp\/v2\/pages\/1809\/revisions\/6498"}],"wp:attachment":[{"href":"https:\/\/gesichtsbesamer.com\/der_gesichtsbesamer\/wp-json\/wp\/v2\/media?parent=1809"}],"curies":[{"name":"wp","href":"https:\/\/api.w.org\/{rel}","templated":true}]}}